{"id":1191,"date":"2024-01-11T17:27:32","date_gmt":"2024-01-11T16:27:32","guid":{"rendered":"https:\/\/redpixel.gruppoflorence.it\/?page_id=1191"},"modified":"2024-03-14T12:11:58","modified_gmt":"2024-03-14T11:11:58","slug":"lentreprise","status":"publish","type":"page","link":"https:\/\/redpixel.gruppoflorence.it\/fr\/lentreprise\/","title":{"rendered":"L&rsquo;Entreprise"},"content":{"rendered":"","protected":false},"excerpt":{"rendered":"","protected":false},"author":11,"featured_media":0,"parent":0,"menu_order":0,"comment_status":"closed","ping_status":"closed","template":"","meta":{"_acf_changed":false,"footnotes":""},"class_list":["post-1191","page","type-page","status-publish","hentry"],"acf":[],"yoast_head":"<!-- This site is optimized with the Yoast SEO plugin v27.3 - https:\/\/yoast.com\/product\/yoast-seo-wordpress\/ -->\n<title>D\u00e9couvrir Red Pixel: notre Mission et notre Vision<\/title>\n<meta name=\"description\" content=\"Passion et personnalisation d\u00e9finissent Red Pixel, o\u00f9 le v\u00eatement est une pi\u00e8ce unique. D\u00e9couvrez notre engagement et notre volont\u00e9 d&#039;excellence.\" \/>\n<meta name=\"robots\" content=\"index, follow, max-snippet:-1, max-image-preview:large, max-video-preview:-1\" \/>\n<link rel=\"canonical\" href=\"https:\/\/redpixel.gruppoflorence.it\/fr\/lentreprise\/\" \/>\n<meta property=\"og:locale\" content=\"fr_FR\" \/>\n<meta property=\"og:type\" content=\"article\" \/>\n<meta property=\"og:title\" content=\"D\u00e9couvrir Red Pixel: notre Mission et notre Vision\" \/>\n<meta property=\"og:description\" content=\"Passion et personnalisation d\u00e9finissent Red Pixel, o\u00f9 le v\u00eatement est une pi\u00e8ce unique. D\u00e9couvrez notre engagement et notre volont\u00e9 d&#039;excellence.\" \/>\n<meta property=\"og:url\" content=\"https:\/\/redpixel.gruppoflorence.it\/fr\/lentreprise\/\" \/>\n<meta property=\"og:site_name\" content=\"Red pixel\" \/>\n<meta property=\"article:modified_time\" content=\"2024-03-14T11:11:58+00:00\" \/>\n<meta name=\"twitter:card\" content=\"summary_large_image\" \/>\n<script type=\"application\/ld+json\" class=\"yoast-schema-graph\">{\"@context\":\"https:\\\/\\\/schema.org\",\"@graph\":[{\"@type\":\"WebPage\",\"@id\":\"https:\\\/\\\/redpixel.gruppoflorence.it\\\/fr\\\/lentreprise\\\/\",\"url\":\"https:\\\/\\\/redpixel.gruppoflorence.it\\\/fr\\\/lentreprise\\\/\",\"name\":\"D\u00e9couvrir Red Pixel: notre Mission et notre Vision\",\"isPartOf\":{\"@id\":\"https:\\\/\\\/redpixel.gruppoflorence.it\\\/#website\"},\"datePublished\":\"2024-01-11T16:27:32+00:00\",\"dateModified\":\"2024-03-14T11:11:58+00:00\",\"description\":\"Passion et personnalisation d\u00e9finissent Red Pixel, o\u00f9 le v\u00eatement est une pi\u00e8ce unique. D\u00e9couvrez notre engagement et notre volont\u00e9 d'excellence.\",\"breadcrumb\":{\"@id\":\"https:\\\/\\\/redpixel.gruppoflorence.it\\\/fr\\\/lentreprise\\\/#breadcrumb\"},\"inLanguage\":\"fr-FR\",\"potentialAction\":[{\"@type\":\"ReadAction\",\"target\":[\"https:\\\/\\\/redpixel.gruppoflorence.it\\\/fr\\\/lentreprise\\\/\"]}]},{\"@type\":\"BreadcrumbList\",\"@id\":\"https:\\\/\\\/redpixel.gruppoflorence.it\\\/fr\\\/lentreprise\\\/#breadcrumb\",\"itemListElement\":[{\"@type\":\"ListItem\",\"position\":1,\"name\":\"Home\",\"item\":\"https:\\\/\\\/redpixel.gruppoflorence.it\\\/fr\\\/\"},{\"@type\":\"ListItem\",\"position\":2,\"name\":\"L&#8217;Entreprise\"}]},{\"@type\":\"WebSite\",\"@id\":\"https:\\\/\\\/redpixel.gruppoflorence.it\\\/#website\",\"url\":\"https:\\\/\\\/redpixel.gruppoflorence.it\\\/\",\"name\":\"Red pixel\",\"description\":\"\",\"potentialAction\":[{\"@type\":\"SearchAction\",\"target\":{\"@type\":\"EntryPoint\",\"urlTemplate\":\"https:\\\/\\\/redpixel.gruppoflorence.it\\\/?s={search_term_string}\"},\"query-input\":{\"@type\":\"PropertyValueSpecification\",\"valueRequired\":true,\"valueName\":\"search_term_string\"}}],\"inLanguage\":\"fr-FR\"}]}<\/script>\n<!-- \/ Yoast SEO plugin. -->","yoast_head_json":{"title":"D\u00e9couvrir Red Pixel: notre Mission et notre Vision","description":"Passion et personnalisation d\u00e9finissent Red Pixel, o\u00f9 le v\u00eatement est une pi\u00e8ce unique. D\u00e9couvrez notre engagement et notre volont\u00e9 d'excellence.","robots":{"index":"index","follow":"follow","max-snippet":"max-snippet:-1","max-image-preview":"max-image-preview:large","max-video-preview":"max-video-preview:-1"},"canonical":"https:\/\/redpixel.gruppoflorence.it\/fr\/lentreprise\/","og_locale":"fr_FR","og_type":"article","og_title":"D\u00e9couvrir Red Pixel: notre Mission et notre Vision","og_description":"Passion et personnalisation d\u00e9finissent Red Pixel, o\u00f9 le v\u00eatement est une pi\u00e8ce unique. D\u00e9couvrez notre engagement et notre volont\u00e9 d'excellence.","og_url":"https:\/\/redpixel.gruppoflorence.it\/fr\/lentreprise\/","og_site_name":"Red pixel","article_modified_time":"2024-03-14T11:11:58+00:00","twitter_card":"summary_large_image","schema":{"@context":"https:\/\/schema.org","@graph":[{"@type":"WebPage","@id":"https:\/\/redpixel.gruppoflorence.it\/fr\/lentreprise\/","url":"https:\/\/redpixel.gruppoflorence.it\/fr\/lentreprise\/","name":"D\u00e9couvrir Red Pixel: notre Mission et notre Vision","isPartOf":{"@id":"https:\/\/redpixel.gruppoflorence.it\/#website"},"datePublished":"2024-01-11T16:27:32+00:00","dateModified":"2024-03-14T11:11:58+00:00","description":"Passion et personnalisation d\u00e9finissent Red Pixel, o\u00f9 le v\u00eatement est une pi\u00e8ce unique. D\u00e9couvrez notre engagement et notre volont\u00e9 d'excellence.","breadcrumb":{"@id":"https:\/\/redpixel.gruppoflorence.it\/fr\/lentreprise\/#breadcrumb"},"inLanguage":"fr-FR","potentialAction":[{"@type":"ReadAction","target":["https:\/\/redpixel.gruppoflorence.it\/fr\/lentreprise\/"]}]},{"@type":"BreadcrumbList","@id":"https:\/\/redpixel.gruppoflorence.it\/fr\/lentreprise\/#breadcrumb","itemListElement":[{"@type":"ListItem","position":1,"name":"Home","item":"https:\/\/redpixel.gruppoflorence.it\/fr\/"},{"@type":"ListItem","position":2,"name":"L&#8217;Entreprise"}]},{"@type":"WebSite","@id":"https:\/\/redpixel.gruppoflorence.it\/#website","url":"https:\/\/redpixel.gruppoflorence.it\/","name":"Red pixel","description":"","potentialAction":[{"@type":"SearchAction","target":{"@type":"EntryPoint","urlTemplate":"https:\/\/redpixel.gruppoflorence.it\/?s={search_term_string}"},"query-input":{"@type":"PropertyValueSpecification","valueRequired":true,"valueName":"search_term_string"}}],"inLanguage":"fr-FR"}]}},"_links":{"self":[{"href":"https:\/\/redpixel.gruppoflorence.it\/fr\/wp-json\/wp\/v2\/pages\/1191","targetHints":{"allow":["GET"]}}],"collection":[{"href":"https:\/\/redpixel.gruppoflorence.it\/fr\/wp-json\/wp\/v2\/pages"}],"about":[{"href":"https:\/\/redpixel.gruppoflorence.it\/fr\/wp-json\/wp\/v2\/types\/page"}],"author":[{"embeddable":true,"href":"https:\/\/redpixel.gruppoflorence.it\/fr\/wp-json\/wp\/v2\/users\/11"}],"replies":[{"embeddable":true,"href":"https:\/\/redpixel.gruppoflorence.it\/fr\/wp-json\/wp\/v2\/comments?post=1191"}],"version-history":[{"count":14,"href":"https:\/\/redpixel.gruppoflorence.it\/fr\/wp-json\/wp\/v2\/pages\/1191\/revisions"}],"predecessor-version":[{"id":1369,"href":"https:\/\/redpixel.gruppoflorence.it\/fr\/wp-json\/wp\/v2\/pages\/1191\/revisions\/1369"}],"wp:attachment":[{"href":"https:\/\/redpixel.gruppoflorence.it\/fr\/wp-json\/wp\/v2\/media?parent=1191"}],"curies":[{"name":"wp","href":"https:\/\/api.w.org\/{rel}","templated":true}]}}